{"id":119,"date":"2016-04-08T20:26:13","date_gmt":"2016-04-08T20:26:13","guid":{"rendered":"https:\/\/www.calzadofish.com\/tienda\/?page_id=119"},"modified":"2021-09-23T20:28:37","modified_gmt":"2021-09-23T20:28:37","slug":"preguntas-frecuentes","status":"publish","type":"page","link":"https:\/\/www.calzadofish.com\/tienda\/preguntas-frecuentes\/","title":{"rendered":"Preguntas Frecuentes"},"content":{"rendered":"<p>[et_pb_section fb_built=\u00bb1&#8243; fullwidth=\u00bbon\u00bb admin_label=\u00bbsection\u00bb _builder_version=\u00bb3.0.74&#8243; background_color=\u00bb#ffffff\u00bb background_image=\u00bbhttps:\/\/www.calzadofish.com\/tienda\/wp-content\/uploads\/2016\/04\/header.jpg\u00bb transparent_background=\u00bboff\u00bb][et_pb_fullwidth_header title=\u00bbContacto\u00bb text_orientation=\u00bbright\u00bb admin_label=\u00bbFullwidth Header\u00bb _builder_version=\u00bb3.2&#8243; background_color=\u00bbrgba(255, 255, 255, 0)\u00bb][\/et_pb_fullwidth_header][\/et_pb_section][et_pb_section fb_built=\u00bb1&#8243; admin_label=\u00bbSecci\u00f3n\u00bb _builder_version=\u00bb3.0.47&#8243;][et_pb_row admin_label=\u00bbFila\u00bb _builder_version=\u00bb3.0.48&#8243; background_size=\u00bbinitial\u00bb background_position=\u00bbtop_left\u00bb background_repeat=\u00bbrepeat\u00bb][et_pb_column type=\u00bb1_3&#8243; _builder_version=\u00bb3.0.47&#8243; parallax=\u00bboff\u00bb parallax_method=\u00bbon\u00bb][et_pb_text admin_label=\u00bbTexto\u00bb _builder_version=\u00bb3.0.87&#8243; background_size=\u00bbinitial\u00bb background_position=\u00bbtop_left\u00bb background_repeat=\u00bbrepeat\u00bb text_orientation=\u00bbcenter\u00bb module_alignment=\u00bbcenter\u00bb use_border_color=\u00bboff\u00bb border_color=\u00bb#ffffff\u00bb border_style=\u00bbsolid\u00bb]<\/p>\n<h2><strong>COMPRAS Y FORMAS DE PAGO\u00a0<\/strong><\/h2>\n<p>[\/et_pb_text][et_pb_accordion admin_label=\u00bbAcorde\u00f3n\u00bb _builder_version=\u00bb3.0.87&#8243; use_border_color=\u00bboff\u00bb border_color=\u00bb#ffffff\u00bb border_style=\u00bbsolid\u00bb][et_pb_accordion_item title=\u00bb\u00bfCu\u00e1les son mis opciones de pago?\u00bb open=\u00bbon\u00bb _builder_version=\u00bb3.0.47&#8243; title_text_shadow_horizontal_length=\u00bb0em\u00bb title_text_shadow_vertical_length=\u00bb0em\u00bb title_text_shadow_blur_strength=\u00bb0em\u00bb body_text_shadow_horizontal_length=\u00bb0em\u00bb body_text_shadow_vertical_length=\u00bb0em\u00bb body_text_shadow_blur_strength=\u00bb0em\u00bb]<\/p>\n<p style=\"text-align: justify;\">En nuestra tienda en l\u00ednea puedes pagar de las siguientes maneras:<\/p>\n<ul>\n<li>Tarjeta de cr\u00e9dito<\/li>\n<li>PayPal<\/li>\n<li>Transferencia Bancaria<\/li>\n<\/ul>\n<p>[\/et_pb_accordion_item][et_pb_accordion_item title=\u00bb\u00bfPuedo pedir factura electr\u00f3nica para mi compra?\u00bb open=\u00bboff\u00bb _builder_version=\u00bb3.0.47&#8243; title_text_shadow_horizontal_length=\u00bb0em\u00bb title_text_shadow_vertical_length=\u00bb0em\u00bb title_text_shadow_blur_strength=\u00bb0em\u00bb body_text_shadow_horizontal_length=\u00bb0em\u00bb body_text_shadow_vertical_length=\u00bb0em\u00bb body_text_shadow_blur_strength=\u00bb0em\u00bb]<\/p>\n<p style=\"text-align: justify;\">Claro, con gusto podemos hacerte llegar la factura. Te pedimos que te pongas en contacto con nosotros por medio de nuestro formulario en la pesta\u00f1a de CONTACTO haci\u00e9ndonos llegar todos tus datos fiscales. Tendr\u00e1s 5 d\u00edas a partir de la fecha de realizaci\u00f3n de tu compra.<\/p>\n<p>[\/et_pb_accordion_item][et_pb_accordion_item title=\u00bb\u00bfC\u00f3mo puedo saber si mi pago \/ compra fue aprobada?\u00bb open=\u00bboff\u00bb _builder_version=\u00bb3.0.47&#8243; title_text_shadow_horizontal_length=\u00bb0em\u00bb title_text_shadow_vertical_length=\u00bb0em\u00bb title_text_shadow_blur_strength=\u00bb0em\u00bb body_text_shadow_horizontal_length=\u00bb0em\u00bb body_text_shadow_vertical_length=\u00bb0em\u00bb body_text_shadow_blur_strength=\u00bb0em\u00bb]<\/p>\n<p style=\"text-align: justify;\">Recibir\u00e1s un correo electr\u00f3nico con la confirmaci\u00f3n de tu compra.<\/p>\n<p>[\/et_pb_accordion_item][et_pb_accordion_item title=\u00bb\u00bfCu\u00e1nto tiempo tengo para realizar mi pago?\u00bb open=\u00bboff\u00bb _builder_version=\u00bb3.0.47&#8243; title_text_shadow_horizontal_length=\u00bb0em\u00bb title_text_shadow_vertical_length=\u00bb0em\u00bb title_text_shadow_blur_strength=\u00bb0em\u00bb body_text_shadow_horizontal_length=\u00bb0em\u00bb body_text_shadow_vertical_length=\u00bb0em\u00bb body_text_shadow_blur_strength=\u00bb0em\u00bb]<\/p>\n<p style=\"text-align: justify;\">Te pedimos que realices el pago a la brevedad posible. Los pedidos realizados v\u00eda Transferencia Bancaria tienen una vigencia de pago de 2 d\u00edas a partir de la compra.&nbsp;Despu\u00e9s de estos dos d\u00edas tu pedido se cancela autom\u00e1ticamente.<\/p>\n<p>[\/et_pb_accordion_item][et_pb_accordion_item title=\u00bb\u00bfPuedo hacer una compra por v\u00eda telef\u00f3nica?\u00bb open=\u00bboff\u00bb _builder_version=\u00bb3.0.47&#8243; title_text_shadow_horizontal_length=\u00bb0em\u00bb title_text_shadow_vertical_length=\u00bb0em\u00bb title_text_shadow_blur_strength=\u00bb0em\u00bb body_text_shadow_horizontal_length=\u00bb0em\u00bb body_text_shadow_vertical_length=\u00bb0em\u00bb body_text_shadow_blur_strength=\u00bb0em\u00bb]<\/p>\n<p style=\"text-align: justify;\">\u00a1CLARO!&nbsp;Ll\u00e1manos y con gusto te atenderemos! Nuestro tel\u00e9fono es (477) 194 5414<\/p>\n<p>[\/et_pb_accordion_item][\/et_pb_accordion][\/et_pb_column][et_pb_column type=\u00bb1_3&#8243; _builder_version=\u00bb3.0.47&#8243; parallax=\u00bboff\u00bb parallax_method=\u00bbon\u00bb][et_pb_text admin_label=\u00bbTexto\u00bb _builder_version=\u00bb3.0.87&#8243; background_size=\u00bbinitial\u00bb background_position=\u00bbtop_left\u00bb background_repeat=\u00bbrepeat\u00bb text_orientation=\u00bbcenter\u00bb module_alignment=\u00bbcenter\u00bb use_border_color=\u00bboff\u00bb border_color=\u00bb#ffffff\u00bb border_style=\u00bbsolid\u00bb]<\/p>\n<h2><strong>PRODUCTOS<\/strong><\/h2>\n<p>[\/et_pb_text][et_pb_accordion admin_label=\u00bbAcorde\u00f3n\u00bb _builder_version=\u00bb3.0.87&#8243; use_border_color=\u00bboff\u00bb border_color=\u00bb#ffffff\u00bb border_style=\u00bbsolid\u00bb][et_pb_accordion_item title=\u00bb\u00bfTodos los productos que est\u00e1n en l\u00ednea est\u00e1n en existencia?\u00bb open=\u00bbon\u00bb _builder_version=\u00bb3.0.47&#8243; title_text_shadow_horizontal_length=\u00bb0em\u00bb title_text_shadow_vertical_length=\u00bb0em\u00bb title_text_shadow_blur_strength=\u00bb0em\u00bb body_text_shadow_horizontal_length=\u00bb0em\u00bb body_text_shadow_vertical_length=\u00bb0em\u00bb body_text_shadow_blur_strength=\u00bb0em\u00bb]<\/p>\n<p class=\"et_pb_toggle_title\" style=\"text-align: justify;\">Efectivamente todos est\u00e1n disponibles, en caso contrario al recibir tu pedido y no estarlo, se producen para entregarte en la fecha acordada.<\/p>\n<p>[\/et_pb_accordion_item][et_pb_accordion_item title=\u00bb\u00bfQu\u00e9 plazo de garant\u00eda manejan?\u00bb open=\u00bboff\u00bb _builder_version=\u00bb3.0.47&#8243; title_text_shadow_horizontal_length=\u00bb0em\u00bb title_text_shadow_vertical_length=\u00bb0em\u00bb title_text_shadow_blur_strength=\u00bb0em\u00bb body_text_shadow_horizontal_length=\u00bb0em\u00bb body_text_shadow_vertical_length=\u00bb0em\u00bb body_text_shadow_blur_strength=\u00bb0em\u00bb]<\/p>\n<p style=\"text-align: justify;\">Nuestro plazo de garant\u00eda es de 15 d\u00edas a partir de la fecha de entrega de tu producto. La garant\u00eda cubre cualquier detalle o desperfecto en la fabricaci\u00f3n.<\/p>\n<p>[\/et_pb_accordion_item][et_pb_accordion_item title=\u00bbMe interesa la compra de los productos al mayoreo, \u00bfes factible?\u00bb open=\u00bboff\u00bb _builder_version=\u00bb3.0.47&#8243; title_text_shadow_horizontal_length=\u00bb0em\u00bb title_text_shadow_vertical_length=\u00bb0em\u00bb title_text_shadow_blur_strength=\u00bb0em\u00bb body_text_shadow_horizontal_length=\u00bb0em\u00bb body_text_shadow_vertical_length=\u00bb0em\u00bb body_text_shadow_blur_strength=\u00bb0em\u00bb]<\/p>\n<p style=\"text-align: justify;\">Si completamente, te pedimos te pongas en contacto con nosotros al correo<a href=\"mailto:info@calzadofish.com\"> info@calzadofish.com<\/a><\/p>\n<p>[\/et_pb_accordion_item][\/et_pb_accordion][\/et_pb_column][et_pb_column type=\u00bb1_3&#8243; _builder_version=\u00bb3.0.47&#8243; parallax=\u00bboff\u00bb parallax_method=\u00bbon\u00bb][et_pb_text admin_label=\u00bbTexto\u00bb _builder_version=\u00bb3.0.87&#8243; background_size=\u00bbinitial\u00bb background_position=\u00bbtop_left\u00bb background_repeat=\u00bbrepeat\u00bb text_orientation=\u00bbcenter\u00bb module_alignment=\u00bbcenter\u00bb use_border_color=\u00bboff\u00bb border_color=\u00bb#ffffff\u00bb border_style=\u00bbsolid\u00bb]<\/p>\n<h2><strong>PEDIDOS<\/strong><\/h2>\n<p>[\/et_pb_text][et_pb_accordion admin_label=\u00bbAcorde\u00f3n\u00bb _builder_version=\u00bb3.0.87&#8243; use_border_color=\u00bboff\u00bb border_color=\u00bb#ffffff\u00bb border_style=\u00bbsolid\u00bb][et_pb_accordion_item title=\u00bb\u00bfQu\u00e9 costo tiene el env\u00edo?\u00bb open=\u00bbon\u00bb _builder_version=\u00bb3.0.47&#8243; title_text_shadow_horizontal_length=\u00bb0em\u00bb title_text_shadow_vertical_length=\u00bb0em\u00bb title_text_shadow_blur_strength=\u00bb0em\u00bb body_text_shadow_horizontal_length=\u00bb0em\u00bb body_text_shadow_vertical_length=\u00bb0em\u00bb body_text_shadow_blur_strength=\u00bb0em\u00bb]El env\u00edo tiene un costo de $200 para un m\u00e1ximo de 2 pares de calzado. Si en tu pedido incluyes m\u00e1s de 2 pares, el costo total del env\u00edo incrementar\u00e1 $10 por cada par extra.<br \/>\n[\/et_pb_accordion_item][et_pb_accordion_item title=\u00bb\u00bfCu\u00e1nto tardar\u00e1 mi pedido?\u00bb open=\u00bboff\u00bb _builder_version=\u00bb3.0.47&#8243; title_text_shadow_horizontal_length=\u00bb0em\u00bb title_text_shadow_vertical_length=\u00bb0em\u00bb title_text_shadow_blur_strength=\u00bb0em\u00bb body_text_shadow_horizontal_length=\u00bb0em\u00bb body_text_shadow_vertical_length=\u00bb0em\u00bb body_text_shadow_blur_strength=\u00bb0em\u00bb]El tiempo de entrega comienza en cuanto tus productos est\u00e9n 100% fabricados en caso de no tenerlos en stock. El tiempo de entrega en servicio est\u00e1ndar es de 3-5 d\u00edas h\u00e1biles.<br \/>\n[\/et_pb_accordion_item][et_pb_accordion_item title=\u00bb\u00bfC\u00f3mo me avisar\u00e1n la fecha de entrega de mi pedido?\u00bb open=\u00bboff\u00bb _builder_version=\u00bb3.0.47&#8243; title_text_shadow_horizontal_length=\u00bb0em\u00bb title_text_shadow_vertical_length=\u00bb0em\u00bb title_text_shadow_blur_strength=\u00bb0em\u00bb body_text_shadow_horizontal_length=\u00bb0em\u00bb body_text_shadow_vertical_length=\u00bb0em\u00bb body_text_shadow_blur_strength=\u00bb0em\u00bb]<\/p>\n<p style=\"text-align: justify;\">Te llegar\u00e1 un correo electr\u00f3nico cuando el servicio de paqueter\u00eda tenga el pedido en sus manos. Depender\u00e1 del tiempo de entrega del servicio que hayas elegido.<\/p>\n<p>[\/et_pb_accordion_item][et_pb_accordion_item title=\u00bb\u00bfQui\u00e9n se encarga de la entrega de los pedidos?\u00bb open=\u00bboff\u00bb _builder_version=\u00bb3.0.47&#8243; title_text_shadow_horizontal_length=\u00bb0em\u00bb title_text_shadow_vertical_length=\u00bb0em\u00bb title_text_shadow_blur_strength=\u00bb0em\u00bb body_text_shadow_horizontal_length=\u00bb0em\u00bb body_text_shadow_vertical_length=\u00bb0em\u00bb body_text_shadow_blur_strength=\u00bb0em\u00bb]<\/p>\n<p style=\"text-align: justify;\">Tenemos convenio con paqueter\u00eda y transportadora internacional externa para los pedidos. Utilizamos calidad en la elecci\u00f3n de nuestra paqueter\u00eda.<\/p>\n<p>[\/et_pb_accordion_item][\/et_pb_accordion][et_pb_text admin_label=\u00bbTexto\u00bb _builder_version=\u00bb3.0.87&#8243; background_size=\u00bbinitial\u00bb background_position=\u00bbtop_left\u00bb background_repeat=\u00bbrepeat\u00bb text_orientation=\u00bbcenter\u00bb module_alignment=\u00bbcenter\u00bb use_border_color=\u00bboff\u00bb border_color=\u00bb#ffffff\u00bb border_style=\u00bbsolid\u00bb]<\/p>\n<h2><strong>UBICACI\u00d3N<\/strong><\/h2>\n<p>[\/et_pb_text][et_pb_accordion admin_label=\u00bbAcorde\u00f3n\u00bb _builder_version=\u00bb3.0.87&#8243; use_border_color=\u00bboff\u00bb border_color=\u00bb#ffffff\u00bb border_style=\u00bbsolid\u00bb][et_pb_accordion_item title=\u00bb\u00bfEn d\u00f3nde est\u00e1n ubicados?\u00bb open=\u00bbon\u00bb _builder_version=\u00bb3.0.47&#8243; title_text_shadow_horizontal_length=\u00bb0em\u00bb title_text_shadow_vertical_length=\u00bb0em\u00bb title_text_shadow_blur_strength=\u00bb0em\u00bb body_text_shadow_horizontal_length=\u00bb0em\u00bb body_text_shadow_vertical_length=\u00bb0em\u00bb body_text_shadow_blur_strength=\u00bb0em\u00bb]<\/p>\n<p style=\"text-align: justify;\">El centro de operaciones est\u00e1 ubicado en Av. Capilla No. 205 colonia Brisas del Campo II en la ciudad de Le\u00f3n, Gto., M\u00e9xico, conocida como la capital mundial del calzado.<\/p>\n<p>[\/et_pb_accordion_item][\/et_pb_accordion][\/et_pb_column][\/et_pb_row][et_pb_row _builder_version=\u00bb3.15&#8243;][et_pb_column type=\u00bb4_4&#8243; _builder_version=\u00bb3.15&#8243; parallax=\u00bboff\u00bb parallax_method=\u00bbon\u00bb][et_pb_image align=\u00bbcenter\u00bb src=\u00bbhttps:\/\/www.calzadofish.com\/tienda\/wp-content\/uploads\/2021\/09\/Tabla-Fish-web.jpg\u00bb _builder_version=\u00bb3.15&#8243;][\/et_pb_image][\/et_pb_column][\/et_pb_row][\/et_pb_section][et_pb_section fb_built=\u00bb1&#8243; admin_label=\u00bbsection\u00bb _builder_version=\u00bb3.0.47&#8243;][et_pb_row admin_label=\u00bbrow\u00bb _builder_version=\u00bb3.0.48&#8243; background_size=\u00bbinitial\u00bb background_position=\u00bbtop_left\u00bb background_repeat=\u00bbrepeat\u00bb][et_pb_column type=\u00bb1_4&#8243; _builder_version=\u00bb3.0.47&#8243; parallax=\u00bboff\u00bb parallax_method=\u00bbon\u00bb][\/et_pb_column][et_pb_column type=\u00bb1_2&#8243; _builder_version=\u00bb3.0.47&#8243; parallax=\u00bboff\u00bb parallax_method=\u00bbon\u00bb][et_pb_text admin_label=\u00bbTexto\u00bb _builder_version=\u00bb3.0.87&#8243; background_size=\u00bbinitial\u00bb background_position=\u00bbtop_left\u00bb background_repeat=\u00bbrepeat\u00bb text_orientation=\u00bbcenter\u00bb module_alignment=\u00bbcenter\u00bb use_border_color=\u00bboff\u00bb border_color=\u00bb#ffffff\u00bb border_style=\u00bbsolid\u00bb]<\/p>\n<h2><strong>CONT\u00c1CTANOS<\/strong><\/h2>\n<p>[\/et_pb_text][et_pb_contact_form captcha=\u00bboff\u00bb email=\u00bbasegura@calzadofish.com\u00bb admin_label=\u00bbContact Form\u00bb _builder_version=\u00bb3.0.87&#8243; border_radii=\u00bbon|0px|0px|0px|0px\u00bb use_border_color=\u00bboff\u00bb border_color=\u00bb#ffffff\u00bb border_style=\u00bbsolid\u00bb input_border_radius=\u00bb0&#8243; module_id=\u00bbet_pb_contact_form_0&#8243;][et_pb_contact_field field_id=\u00bbName\u00bb field_title=\u00bbNombre\u00bb _builder_version=\u00bb3.0.87&#8243; border_radii=\u00bbon||||\u00bb][\/et_pb_contact_field][et_pb_contact_field field_id=\u00bbEmail\u00bb field_title=\u00bbDirecci\u00f3n de correo electr\u00f3nico\u00bb field_type=\u00bbemail\u00bb _builder_version=\u00bb3.0.87&#8243; border_radii=\u00bbon||||\u00bb][\/et_pb_contact_field][et_pb_contact_field field_id=\u00bbMessage\u00bb field_title=\u00bbMensaje\u00bb field_type=\u00bbtext\u00bb _builder_version=\u00bb3.0.87&#8243; border_radii=\u00bbon||||\u00bb][\/et_pb_contact_field][\/et_pb_contact_form][\/et_pb_column][et_pb_column type=\u00bb1_4&#8243; _builder_version=\u00bb3.0.47&#8243; parallax=\u00bboff\u00bb parallax_method=\u00bbon\u00bb][\/et_pb_column][\/et_pb_row][\/et_pb_section]<\/p>\n","protected":false},"excerpt":{"rendered":"<p>[et_pb_section fb_built=\u00bb1&#8243; fullwidth=\u00bbon\u00bb admin_label=\u00bbsection\u00bb _builder_version=\u00bb3.0.74&#8243; background_color=\u00bb#ffffff\u00bb background_image=\u00bbhttps:\/\/www.calzadofish.com\/tienda\/wp-content\/uploads\/2016\/04\/header.jpg\u00bb transparent_background=\u00bboff\u00bb][et_pb_fullwidth_header title=\u00bbContacto\u00bb text_orientation=\u00bbright\u00bb admin_label=\u00bbFullwidth Header\u00bb _builder_version=\u00bb3.2&#8243; background_color=\u00bbrgba(255, 255, 255, 0)\u00bb][\/et_pb_fullwidth_header][\/et_pb_section][et_pb_section fb_built=\u00bb1&#8243; admin_label=\u00bbSecci\u00f3n\u00bb _builder_version=\u00bb3.0.47&#8243;][et_pb_row admin_label=\u00bbFila\u00bb _builder_version=\u00bb3.0.48&#8243; background_size=\u00bbinitial\u00bb background_position=\u00bbtop_left\u00bb background_repeat=\u00bbrepeat\u00bb][et_pb_column type=\u00bb1_3&#8243; _builder_version=\u00bb3.0.47&#8243; parallax=\u00bboff\u00bb parallax_method=\u00bbon\u00bb][et_pb_text admin_label=\u00bbTexto\u00bb _builder_version=\u00bb3.0.87&#8243; background_size=\u00bbinitial\u00bb background_position=\u00bbtop_left\u00bb background_repeat=\u00bbrepeat\u00bb text_orientation=\u00bbcenter\u00bb module_alignment=\u00bbcenter\u00bb use_border_color=\u00bboff\u00bb border_color=\u00bb#ffffff\u00bb border_style=\u00bbsolid\u00bb] COMPRAS Y FORMAS DE PAGO\u00a0 [\/et_pb_text][et_pb_accordion admin_label=\u00bbAcorde\u00f3n\u00bb _builder_version=\u00bb3.0.87&#8243; use_border_color=\u00bboff\u00bb border_color=\u00bb#ffffff\u00bb border_style=\u00bbsolid\u00bb][et_pb_accordion_item title=\u00bb\u00bfCu\u00e1les son mis opciones de [&hellip;]<\/p>\n","protected":false},"author":1,"featured_media":0,"parent":0,"menu_order":0,"comment_status":"closed","ping_status":"closed","template":"","meta":{"footnotes":""},"class_list":["post-119","page","type-page","status-publish","hentry"],"_links":{"self":[{"href":"https:\/\/www.calzadofish.com\/tienda\/wp-json\/wp\/v2\/pages\/119","targetHints":{"allow":["GET"]}}],"collection":[{"href":"https:\/\/www.calzadofish.com\/tienda\/wp-json\/wp\/v2\/pages"}],"about":[{"href":"https:\/\/www.calzadofish.com\/tienda\/wp-json\/wp\/v2\/types\/page"}],"author":[{"embeddable":true,"href":"https:\/\/www.calzadofish.com\/tienda\/wp-json\/wp\/v2\/users\/1"}],"replies":[{"embeddable":true,"href":"https:\/\/www.calzadofish.com\/tienda\/wp-json\/wp\/v2\/comments?post=119"}],"version-history":[{"count":10,"href":"https:\/\/www.calzadofish.com\/tienda\/wp-json\/wp\/v2\/pages\/119\/revisions"}],"predecessor-version":[{"id":1049,"href":"https:\/\/www.calzadofish.com\/tienda\/wp-json\/wp\/v2\/pages\/119\/revisions\/1049"}],"wp:attachment":[{"href":"https:\/\/www.calzadofish.com\/tienda\/wp-json\/wp\/v2\/media?parent=119"}],"curies":[{"name":"wp","href":"https:\/\/api.w.org\/{rel}","templated":true}]}}