{"id":51,"date":"2016-04-05T18:13:57","date_gmt":"2016-04-05T18:13:57","guid":{"rendered":"https:\/\/www.calzadofish.com\/tienda\/?page_id=51"},"modified":"2026-01-06T21:41:48","modified_gmt":"2026-01-06T21:41:48","slug":"tienda-en-linea","status":"publish","type":"page","link":"https:\/\/www.calzadofish.com\/tienda\/","title":{"rendered":"Tienda en L\u00ednea"},"content":{"rendered":"<p>[et_pb_section fb_built=\u00bb1&#8243; fullwidth=\u00bbon\u00bb admin_label=\u00bbsection\u00bb _builder_version=\u00bb3.0.47&#8243;][et_pb_fullwidth_slider show_image_video_mobile=\u00bbon\u00bb disabled_on=\u00bboff|off|off\u00bb admin_label=\u00bbFullwidth Slider\u00bb _builder_version=\u00bb3.15&#8243; header_font=\u00bb||||||||\u00bb body_font=\u00bb||||||||\u00bb background_size=\u00bbdefault\u00bb background_position=\u00bbdefault\u00bb box_shadow_style=\u00bbpreset6&#8243; box_shadow_blur=\u00bb10px\u00bb box_shadow_color=\u00bbrgba(0,0,0,0.1)\u00bb custom_padding=\u00bb|||\u00bb custom_padding_tablet=\u00bb|||\u00bb custom_padding_phone=\u00bb|||\u00bb auto=\u00bbon\u00bb remove_inner_shadow=\u00bboff\u00bb hide_content_on_mobile=\u00bboff\u00bb hide_cta_on_mobile=\u00bboff\u00bb show_inner_shadow=\u00bbon\u00bb][et_pb_slide heading=\u00bbCALZADO DE TRABAJO\u00bb image=\u00bbhttps:\/\/www.calzadofish.com\/tienda\/wp-content\/uploads\/2019\/02\/4ProductosNuevos.png\u00bb use_bg_overlay=\u00bbon\u00bb use_text_overlay=\u00bboff\u00bb _builder_version=\u00bb3.15&#8243; header_font=\u00bbPassion One||||\u00bb header_text_color=\u00bb#FFFFFF\u00bb body_font=\u00bb||||\u00bb background_image=\u00bbhttps:\/\/www.calzadofish.com\/tienda\/wp-content\/uploads\/2016\/04\/bgmain.jpg\u00bb background_size=\u00bbdefault\u00bb background_position=\u00bbdefault\u00bb button_icon_placement=\u00bbright\u00bb button_on_hover=\u00bbon\u00bb text_shadow_style=\u00bbpreset2&#8243;]<\/p>\n<p><strong>Bienvenido a Calzado Fish.<\/strong>\u00a0 Empresa 100% mexicana establecida en 1974.<\/p>\n<p id=\"u722-5\">Fabricaci\u00f3n y venta de calzado de seguridad, industrial, de trabajo y tipo casual de la m\u00e1s alta calidad, ofreciendo durabilidad y confort.<\/p>\n<p>[\/et_pb_slide][\/et_pb_fullwidth_slider][\/et_pb_section][et_pb_section fb_built=\u00bb1&#8243; admin_label=\u00bbsection\u00bb _builder_version=\u00bb3.0.47&#8243;][et_pb_row make_fullwidth=\u00bbon\u00bb padding_mobile=\u00bboff\u00bb column_padding_mobile=\u00bbon\u00bb parallax_method_1=\u00bboff\u00bb admin_label=\u00bbrow\u00bb _builder_version=\u00bb3.0.47&#8243; background_size=\u00bbinitial\u00bb background_position=\u00bbtop_left\u00bb background_repeat=\u00bbrepeat\u00bb][et_pb_column type=\u00bb4_4&#8243; _builder_version=\u00bb3.0.47&#8243; column_padding_mobile=\u00bbon\u00bb parallax=\u00bboff\u00bb parallax_method=\u00bboff\u00bb][et_pb_text _builder_version=\u00bb3.15&#8243; background_size=\u00bbinitial\u00bb background_position=\u00bbtop_left\u00bb background_repeat=\u00bbrepeat\u00bb use_border_color=\u00bboff\u00bb]<\/p>\n<div id='collection-component-1254bb82098'><\/div>\n<p>    <script type=\"text\/javascript\">\n    \/*<![CDATA[*\/\n\n    (function () {\n      var scriptURL = 'https:\/\/sdks.shopifycdn.com\/buy-button\/latest\/buy-button-storefront.min.js';\n      if (window.ShopifyBuy) {\n        if (window.ShopifyBuy.UI) {\n          ShopifyBuyInit();\n        } else {\n          loadScript();\n        }\n      } else {\n        loadScript();\n      }\n\n      function loadScript() {\n        var script = document.createElement('script');\n        script.async = true;\n        script.src = scriptURL;\n        (document.getElementsByTagName('head')[0] || document.getElementsByTagName('body')[0]).appendChild(script);\n        script.onload = ShopifyBuyInit;\n      }\n\n      function ShopifyBuyInit() {\n        var client = ShopifyBuy.buildClient({\n          domain: 'calzado-fish.myshopify.com',\n          storefrontAccessToken: '0d278011613937391c4e8e3c34369724',\n        });\n\n        ShopifyBuy.UI.onReady(client).then(function (ui) {\n          ui.createComponent('collection', {\n            id: 423173124,\n            node: document.getElementById('collection-component-1254bb82098'),\n            moneyFormat: '%24%20%7B%7Bamount%7D%7D',\n            options: {\n  \"product\": {\n    \"buttonDestination\": \"modal\",\n    \"variantId\": \"all\",\n    \"contents\": {\n      \"imgWithCarousel\": false,\n      \"variantTitle\": false,\n      \"options\": false,\n      \"description\": false,\n      \"buttonWithQuantity\": false,\n      \"quantity\": false\n    },\n    \"text\": {\n      \"button\": \"VER MODELO\"\n    },\n    \"styles\": {\n      \"product\": {\n        \"@media (min-width: 601px)\": {\n          \"max-width\": \"calc(25% - 20px)\",\n          \"margin-left\": \"20px\",\n          \"margin-bottom\": \"50px\"\n        },\n        \"imgWrapper\": {\n          \"position\": \"relative\",\n          \"height\": \"0\",\n          \"padding-top\": \"calc(75% + 15px)\"\n        },\n        \"img\": {\n          \"height\": \"calc(100% - 15px)\",\n          \"position\": \"absolute\",\n          \"left\": \"0\",\n          \"right\": \"0\",\n          \"top\": \"0\"\n        }\n      },\n      \"button\": {\n        \"background-color\": \"#e6b600\",\n        \":hover\": {\n          \"background-color\": \"#cfa400\"\n        },\n        \":focus\": {\n          \"background-color\": \"#cfa400\"\n        }\n      }\n    }\n  },\n  \"cart\": {\n    \"contents\": {\n      \"button\": true\n    },\n    \"text\": {\n      \"title\": \"Carrito\",\n      \"notice\": \"C\u00f3digos de descuento y costos de env\u00edo se agregar\u00e1n eal confirmar tu compra. A continuaci\u00f3n ser\u00e1s dirigido a una ventana para llenar tus datos. No olvides llenarlos correctamente.\",\n      \"button\": \"CONFIRMAR COMPRA\",\n      \"empty\": \"Tu carrito est\u00e1 vac\u00edo\"\n    },\n    \"styles\": {\n      \"button\": {\n        \"background-color\": \"#e6b600\",\n        \":hover\": {\n          \"background-color\": \"#cfa400\"\n        },\n        \":focus\": {\n          \"background-color\": \"#cfa400\"\n        }\n      },\n      \"footer\": {\n        \"background-color\": \"#ffffff\"\n      }\n    }\n  },\n  \"modalProduct\": {\n    \"contents\": {\n      \"img\": false,\n      \"imgWithCarousel\": true,\n      \"variantTitle\": false,\n      \"buttonWithQuantity\": true,\n      \"button\": false,\n      \"quantity\": false\n    },\n    \"text\": {\n      \"button\": \"AGREGAR AL CARRITO\"\n    },\n    \"styles\": {\n      \"product\": {\n        \"@media (min-width: 601px)\": {\n          \"max-width\": \"100%\",\n          \"margin-left\": \"0px\",\n          \"margin-bottom\": \"0px\"\n        }\n      },\n      \"button\": {\n        \"background-color\": \"#e6b600\",\n        \":hover\": {\n          \"background-color\": \"#cfa400\"\n        },\n        \":focus\": {\n          \"background-color\": \"#cfa400\"\n        }\n      }\n    }\n  },\n  \"toggle\": {\n    \"styles\": {\n      \"toggle\": {\n        \"background-color\": \"#e6b600\",\n        \":hover\": {\n          \"background-color\": \"#cfa400\"\n        },\n        \":focus\": {\n          \"background-color\": \"#cfa400\"\n        }\n      }\n    }\n  },\n  \"productSet\": {\n    \"styles\": {\n      \"products\": {\n        \"@media (min-width: 601px)\": {\n          \"margin-left\": \"-20px\"\n        }\n      }\n    }\n  }\n}\n          });\n        });\n      }\n    })();\n    \/*]]>*\/\n    <\/script><br \/>\n[\/et_pb_text][\/et_pb_column][\/et_pb_row][et_pb_row make_fullwidth=\u00bbon\u00bb padding_mobile=\u00bboff\u00bb column_padding_mobile=\u00bbon\u00bb parallax_method_1=\u00bboff\u00bb admin_label=\u00bbrow\u00bb _builder_version=\u00bb3.0.47&#8243; background_size=\u00bbinitial\u00bb background_position=\u00bbtop_left\u00bb background_repeat=\u00bbrepeat\u00bb][et_pb_column type=\u00bb4_4&#8243; _builder_version=\u00bb3.0.47&#8243; column_padding_mobile=\u00bbon\u00bb parallax=\u00bboff\u00bb parallax_method=\u00bboff\u00bb][et_pb_text _builder_version=\u00bb3.15&#8243; background_size=\u00bbinitial\u00bb background_position=\u00bbtop_left\u00bb background_repeat=\u00bbrepeat\u00bb use_border_color=\u00bboff\u00bb]<\/p>\n<div id='collection-component-1617647534979'><\/div>\n<p><script type=\"text\/javascript\">\n\/*<![CDATA[*\/\n(function () {\n  var scriptURL = 'https:\/\/sdks.shopifycdn.com\/buy-button\/latest\/buy-button-storefront.min.js';\n  if (window.ShopifyBuy) {\n    if (window.ShopifyBuy.UI) {\n      ShopifyBuyInit();\n    } else {\n      loadScript();\n    }\n  } else {\n    loadScript();\n  }\n  function loadScript() {\n    var script = document.createElement('script');\n    script.async = true;\n    script.src = scriptURL;\n    (document.getElementsByTagName('head')[0] || document.getElementsByTagName('body')[0]).appendChild(script);\n    script.onload = ShopifyBuyInit;\n  }\n  function ShopifyBuyInit() {\n    var client = ShopifyBuy.buildClient({\n      domain: 'calzado-fish.myshopify.com',\n      storefrontAccessToken: '0d278011613937391c4e8e3c34369724',\n    });\n    ShopifyBuy.UI.onReady(client).then(function (ui) {\n      ui.createComponent('collection', {\n        id: '260513398878',\n        node: document.getElementById('collection-component-1617647534979'),\n        moneyFormat: '%24%20%7B%7Bamount%7D%7D',\n        options: {\n  \"product\": {\n    \"styles\": {\n      \"product\": {\n        \"@media (min-width: 601px)\": {\n          \"max-width\": \"calc(25% - 20px)\",\n          \"margin-left\": \"20px\",\n          \"margin-bottom\": \"50px\",\n          \"width\": \"calc(25% - 20px)\"\n        },\n        \"img\": {\n          \"height\": \"calc(100% - 15px)\",\n          \"position\": \"absolute\",\n          \"left\": \"0\",\n          \"right\": \"0\",\n          \"top\": \"0\"\n        },\n        \"imgWrapper\": {\n          \"padding-top\": \"calc(75% + 15px)\",\n          \"position\": \"relative\",\n          \"height\": \"0\"\n        }\n      },\n      \"button\": {\n        \"font-size\": \"16px\",\n        \"padding-top\": \"16px\",\n        \"padding-bottom\": \"16px\",\n        \":hover\": {\n          \"background-color\": \"#cfa400\"\n        },\n        \"background-color\": \"#e6b600\",\n        \":focus\": {\n          \"background-color\": \"#cfa400\"\n        },\n        \"padding-left\": \"26px\",\n        \"padding-right\": \"26px\"\n      },\n      \"quantityInput\": {\n        \"font-size\": \"16px\",\n        \"padding-top\": \"16px\",\n        \"padding-bottom\": \"16px\"\n      }\n    },\n    \"buttonDestination\": \"modal\",\n    \"contents\": {\n      \"options\": false\n    },\n    \"text\": {\n      \"button\": \"VER MODELO\"\n    }\n  },\n  \"productSet\": {\n    \"styles\": {\n      \"products\": {\n        \"@media (min-width: 601px)\": {\n          \"margin-left\": \"-20px\"\n        }\n      }\n    }\n  },\n  \"modalProduct\": {\n    \"contents\": {\n      \"img\": false,\n      \"imgWithCarousel\": true,\n      \"button\": false,\n      \"buttonWithQuantity\": true\n    },\n    \"styles\": {\n      \"product\": {\n        \"@media (min-width: 601px)\": {\n          \"max-width\": \"100%\",\n          \"margin-left\": \"0px\",\n          \"margin-bottom\": \"0px\"\n        }\n      },\n      \"button\": {\n        \"font-size\": \"16px\",\n        \"padding-top\": \"16px\",\n        \"padding-bottom\": \"16px\",\n        \":hover\": {\n          \"background-color\": \"#cfa400\"\n        },\n        \"background-color\": \"#e6b600\",\n        \":focus\": {\n          \"background-color\": \"#cfa400\"\n        },\n        \"padding-left\": \"26px\",\n        \"padding-right\": \"26px\"\n      },\n      \"quantityInput\": {\n        \"font-size\": \"16px\",\n        \"padding-top\": \"16px\",\n        \"padding-bottom\": \"16px\"\n      }\n    },\n    \"text\": {\n      \"button\": \"AGREGAR AL CARRITO\"\n    }\n  },\n  \"option\": {},\n  \"cart\": {\n    \"styles\": {\n      \"button\": {\n        \"font-size\": \"16px\",\n        \"padding-top\": \"16px\",\n        \"padding-bottom\": \"16px\",\n        \":hover\": {\n          \"background-color\": \"#cfa400\"\n        },\n        \"background-color\": \"#e6b600\",\n        \":focus\": {\n          \"background-color\": \"#cfa400\"\n        }\n      },\n      \"title\": {\n        \"color\": \"#4c4c4c\"\n      },\n      \"header\": {\n        \"color\": \"#4c4c4c\"\n      },\n      \"lineItems\": {\n        \"color\": \"#4c4c4c\"\n      },\n      \"subtotalText\": {\n        \"color\": \"#4c4c4c\"\n      },\n      \"subtotal\": {\n        \"color\": \"#4c4c4c\"\n      },\n      \"notice\": {\n        \"color\": \"#4c4c4c\"\n      },\n      \"currency\": {\n        \"color\": \"#4c4c4c\"\n      },\n      \"close\": {\n        \"color\": \"#4c4c4c\",\n        \":hover\": {\n          \"color\": \"#4c4c4c\"\n        }\n      },\n      \"empty\": {\n        \"color\": \"#4c4c4c\"\n      },\n      \"noteDescription\": {\n        \"color\": \"#4c4c4c\"\n      },\n      \"discountText\": {\n        \"color\": \"#4c4c4c\"\n      },\n      \"discountIcon\": {\n        \"fill\": \"#4c4c4c\"\n      },\n      \"discountAmount\": {\n        \"color\": \"#4c4c4c\"\n      }\n    },\n    \"text\": {\n      \"title\": \"Carrito\",\n      \"empty\": \"Tu carrito est\u00e1 vac\u00edo\",\n      \"notice\": \"C\u00f3digos de descuento y costos de env\u00edo se agregar\u00e1n eal confirmar tu compra. A continuaci\u00f3n ser\u00e1s dirigido a una ventana para llenar tus datos. No olvides llenarlos correctamente.\",\n      \"button\": \"CONFIRMAR COMPRA\"\n    }\n  },\n  \"toggle\": {\n    \"styles\": {\n      \"toggle\": {\n        \"background-color\": \"#e6b600\",\n        \":hover\": {\n          \"background-color\": \"#cfa400\"\n        },\n        \":focus\": {\n          \"background-color\": \"#cfa400\"\n        }\n      },\n      \"count\": {\n        \"font-size\": \"16px\"\n      }\n    }\n  },\n  \"lineItem\": {\n    \"styles\": {\n      \"variantTitle\": {\n        \"color\": \"#4c4c4c\"\n      },\n      \"title\": {\n        \"color\": \"#4c4c4c\"\n      },\n      \"price\": {\n        \"color\": \"#4c4c4c\"\n      },\n      \"fullPrice\": {\n        \"color\": \"#4c4c4c\"\n      },\n      \"discount\": {\n        \"color\": \"#4c4c4c\"\n      },\n      \"discountIcon\": {\n        \"fill\": \"#4c4c4c\"\n      },\n      \"quantity\": {\n        \"color\": \"#4c4c4c\"\n      },\n      \"quantityIncrement\": {\n        \"color\": \"#4c4c4c\",\n        \"border-color\": \"#4c4c4c\"\n      },\n      \"quantityDecrement\": {\n        \"color\": \"#4c4c4c\",\n        \"border-color\": \"#4c4c4c\"\n      },\n      \"quantityInput\": {\n        \"color\": \"#4c4c4c\",\n        \"border-color\": \"#4c4c4c\"\n      }\n    }\n  }\n},\n      });\n    });\n  }\n})();\n\/*]]>*\/\n<\/script>[\/et_pb_text][\/et_pb_column][\/et_pb_row][et_pb_row make_fullwidth=\u00bbon\u00bb padding_mobile=\u00bboff\u00bb column_padding_mobile=\u00bbon\u00bb parallax_method_1=\u00bboff\u00bb admin_label=\u00bbrow\u00bb _builder_version=\u00bb3.0.47&#8243; background_size=\u00bbinitial\u00bb background_position=\u00bbtop_left\u00bb background_repeat=\u00bbrepeat\u00bb][et_pb_column type=\u00bb4_4&#8243; _builder_version=\u00bb3.0.47&#8243; column_padding_mobile=\u00bbon\u00bb parallax=\u00bboff\u00bb parallax_method=\u00bboff\u00bb][et_pb_text _builder_version=\u00bb3.15&#8243; background_size=\u00bbinitial\u00bb background_position=\u00bbtop_left\u00bb background_repeat=\u00bbrepeat\u00bb use_border_color=\u00bboff\u00bb]<\/p>\n<div id='collection-component-1617651162457'><\/div>\n<p><script type=\"text\/javascript\">\n\/*<![CDATA[*\/\n(function () {\n  var scriptURL = 'https:\/\/sdks.shopifycdn.com\/buy-button\/latest\/buy-button-storefront.min.js';\n  if (window.ShopifyBuy) {\n    if (window.ShopifyBuy.UI) {\n      ShopifyBuyInit();\n    } else {\n      loadScript();\n    }\n  } else {\n    loadScript();\n  }\n  function loadScript() {\n    var script = document.createElement('script');\n    script.async = true;\n    script.src = scriptURL;\n    (document.getElementsByTagName('head')[0] || document.getElementsByTagName('body')[0]).appendChild(script);\n    script.onload = ShopifyBuyInit;\n  }\n  function ShopifyBuyInit() {\n    var client = ShopifyBuy.buildClient({\n      domain: 'calzado-fish.myshopify.com',\n      storefrontAccessToken: '0d278011613937391c4e8e3c34369724',\n    });\n    ShopifyBuy.UI.onReady(client).then(function (ui) {\n      ui.createComponent('collection', {\n        id: '260875812958',\n        node: document.getElementById('collection-component-1617651162457'),\n        moneyFormat: '%24%20%7B%7Bamount%7D%7D',\n        options: {\n  \"product\": {\n    \"styles\": {\n      \"product\": {\n        \"@media (min-width: 601px)\": {\n          \"max-width\": \"calc(25% - 20px)\",\n          \"margin-left\": \"20px\",\n          \"margin-bottom\": \"50px\",\n          \"width\": \"calc(25% - 20px)\"\n        },\n        \"img\": {\n          \"height\": \"calc(100% - 15px)\",\n          \"position\": \"absolute\",\n          \"left\": \"0\",\n          \"right\": \"0\",\n          \"top\": \"0\"\n        },\n        \"imgWrapper\": {\n          \"padding-top\": \"calc(75% + 15px)\",\n          \"position\": \"relative\",\n          \"height\": \"0\"\n        }\n      },\n      \"title\": {\n        \"font-size\": \"15px\"\n      },\n      \"button\": {\n        \"font-size\": \"16px\",\n        \"padding-top\": \"16px\",\n        \"padding-bottom\": \"16px\",\n        \":hover\": {\n          \"background-color\": \"#337d9f\"\n        },\n        \"background-color\": \"#398bb1\",\n        \":focus\": {\n          \"background-color\": \"#337d9f\"\n        },\n        \"border-radius\": \"10px\",\n        \"padding-left\": \"26px\",\n        \"padding-right\": \"26px\"\n      },\n      \"quantityInput\": {\n        \"font-size\": \"16px\",\n        \"padding-top\": \"16px\",\n        \"padding-bottom\": \"16px\"\n      }\n    },\n    \"buttonDestination\": \"modal\",\n    \"contents\": {\n      \"options\": false\n    },\n    \"text\": {\n      \"button\": \"VER MODELO\"\n    }\n  },\n  \"productSet\": {\n    \"styles\": {\n      \"products\": {\n        \"@media (min-width: 601px)\": {\n          \"margin-left\": \"-20px\"\n        }\n      }\n    }\n  },\n  \"modalProduct\": {\n    \"contents\": {\n      \"img\": false,\n      \"imgWithCarousel\": true,\n      \"button\": false,\n      \"buttonWithQuantity\": true\n    },\n    \"styles\": {\n      \"product\": {\n        \"@media (min-width: 601px)\": {\n          \"max-width\": \"100%\",\n          \"margin-left\": \"0px\",\n          \"margin-bottom\": \"0px\"\n        }\n      },\n      \"button\": {\n        \"font-size\": \"16px\",\n        \"padding-top\": \"16px\",\n        \"padding-bottom\": \"16px\",\n        \":hover\": {\n          \"background-color\": \"#337d9f\"\n        },\n        \"background-color\": \"#398bb1\",\n        \":focus\": {\n          \"background-color\": \"#337d9f\"\n        },\n        \"border-radius\": \"10px\",\n        \"padding-left\": \"26px\",\n        \"padding-right\": \"26px\"\n      },\n      \"quantityInput\": {\n        \"font-size\": \"16px\",\n        \"padding-top\": \"16px\",\n        \"padding-bottom\": \"16px\"\n      },\n      \"title\": {\n        \"font-family\": \"Helvetica Neue, sans-serif\",\n        \"font-weight\": \"bold\",\n        \"font-size\": \"26px\",\n        \"color\": \"#4c4c4c\"\n      }\n    },\n    \"text\": {\n      \"button\": \"AGREGAR AL CARRITO\"\n    }\n  },\n  \"option\": {},\n  \"cart\": {\n    \"styles\": {\n      \"button\": {\n        \"font-size\": \"16px\",\n        \"padding-top\": \"16px\",\n        \"padding-bottom\": \"16px\",\n        \":hover\": {\n          \"background-color\": \"#337d9f\"\n        },\n        \"background-color\": \"#398bb1\",\n        \":focus\": {\n          \"background-color\": \"#337d9f\"\n        },\n        \"border-radius\": \"10px\"\n      },\n      \"title\": {\n        \"color\": \"#4c4c4c\"\n      },\n      \"header\": {\n        \"color\": \"#4c4c4c\"\n      },\n      \"lineItems\": {\n        \"color\": \"#4c4c4c\"\n      },\n      \"subtotalText\": {\n        \"color\": \"#4c4c4c\"\n      },\n      \"subtotal\": {\n        \"color\": \"#4c4c4c\"\n      },\n      \"notice\": {\n        \"color\": \"#4c4c4c\"\n      },\n      \"currency\": {\n        \"color\": \"#4c4c4c\"\n      },\n      \"close\": {\n        \"color\": \"#4c4c4c\",\n        \":hover\": {\n          \"color\": \"#4c4c4c\"\n        }\n      },\n      \"empty\": {\n        \"color\": \"#4c4c4c\"\n      },\n      \"noteDescription\": {\n        \"color\": \"#4c4c4c\"\n      },\n      \"discountText\": {\n        \"color\": \"#4c4c4c\"\n      },\n      \"discountIcon\": {\n        \"fill\": \"#4c4c4c\"\n      },\n      \"discountAmount\": {\n        \"color\": \"#4c4c4c\"\n      }\n    },\n    \"text\": {\n      \"title\": \"Carrito\",\n      \"empty\": \"Tu carrito est\u00e1 vac\u00edo\",\n      \"notice\": \"C\u00f3digos de descuento y costos de env\u00edo se agregar\u00e1n eal confirmar tu compra. A continuaci\u00f3n ser\u00e1s dirigido a una ventana para llenar tus datos. No olvides llenarlos correctamente.\",\n      \"button\": \"CONFIRMAR COMPRA\"\n    }\n  },\n  \"toggle\": {\n    \"styles\": {\n      \"toggle\": {\n        \"background-color\": \"#398bb1\",\n        \":hover\": {\n          \"background-color\": \"#337d9f\"\n        },\n        \":focus\": {\n          \"background-color\": \"#337d9f\"\n        }\n      },\n      \"count\": {\n        \"font-size\": \"16px\"\n      }\n    }\n  },\n  \"lineItem\": {\n    \"styles\": {\n      \"variantTitle\": {\n        \"color\": \"#4c4c4c\"\n      },\n      \"title\": {\n        \"color\": \"#4c4c4c\"\n      },\n      \"price\": {\n        \"color\": \"#4c4c4c\"\n      },\n      \"fullPrice\": {\n        \"color\": \"#4c4c4c\"\n      },\n      \"discount\": {\n        \"color\": \"#4c4c4c\"\n      },\n      \"discountIcon\": {\n        \"fill\": \"#4c4c4c\"\n      },\n      \"quantity\": {\n        \"color\": \"#4c4c4c\"\n      },\n      \"quantityIncrement\": {\n        \"color\": \"#4c4c4c\",\n        \"border-color\": \"#4c4c4c\"\n      },\n      \"quantityDecrement\": {\n        \"color\": \"#4c4c4c\",\n        \"border-color\": \"#4c4c4c\"\n      },\n      \"quantityInput\": {\n        \"color\": \"#4c4c4c\",\n        \"border-color\": \"#4c4c4c\"\n      }\n    }\n  }\n},\n      });\n    });\n  }\n})();\n\/*]]>*\/\n<\/script>[\/et_pb_text][\/et_pb_column][\/et_pb_row][\/et_pb_section]<\/p>\n","protected":false},"excerpt":{"rendered":"<p>[et_pb_section fb_built=\u00bb1&#8243; fullwidth=\u00bbon\u00bb admin_label=\u00bbsection\u00bb _builder_version=\u00bb3.0.47&#8243;][et_pb_fullwidth_slider show_image_video_mobile=\u00bbon\u00bb disabled_on=\u00bboff|off|off\u00bb admin_label=\u00bbFullwidth Slider\u00bb _builder_version=\u00bb3.15&#8243; header_font=\u00bb||||||||\u00bb body_font=\u00bb||||||||\u00bb background_size=\u00bbdefault\u00bb background_position=\u00bbdefault\u00bb box_shadow_style=\u00bbpreset6&#8243; box_shadow_blur=\u00bb10px\u00bb box_shadow_color=\u00bbrgba(0,0,0,0.1)\u00bb custom_padding=\u00bb|||\u00bb custom_padding_tablet=\u00bb|||\u00bb custom_padding_phone=\u00bb|||\u00bb auto=\u00bbon\u00bb remove_inner_shadow=\u00bboff\u00bb hide_content_on_mobile=\u00bboff\u00bb hide_cta_on_mobile=\u00bboff\u00bb show_inner_shadow=\u00bbon\u00bb][et_pb_slide heading=\u00bbCALZADO DE TRABAJO\u00bb image=\u00bbhttps:\/\/www.calzadofish.com\/tienda\/wp-content\/uploads\/2019\/02\/4ProductosNuevos.png\u00bb use_bg_overlay=\u00bbon\u00bb use_text_overlay=\u00bboff\u00bb _builder_version=\u00bb3.15&#8243; header_font=\u00bbPassion One||||\u00bb header_text_color=\u00bb#FFFFFF\u00bb body_font=\u00bb||||\u00bb background_image=\u00bbhttps:\/\/www.calzadofish.com\/tienda\/wp-content\/uploads\/2016\/04\/bgmain.jpg\u00bb background_size=\u00bbdefault\u00bb background_position=\u00bbdefault\u00bb button_icon_placement=\u00bbright\u00bb button_on_hover=\u00bbon\u00bb text_shadow_style=\u00bbpreset2&#8243;] Bienvenido a Calzado Fish.\u00a0 Empresa 100% mexicana establecida en 1974. Fabricaci\u00f3n y venta [&hellip;]<\/p>\n","protected":false},"author":1,"featured_media":0,"parent":0,"menu_order":0,"comment_status":"closed","ping_status":"closed","template":"","meta":{"footnotes":""},"class_list":["post-51","page","type-page","status-publish","hentry"],"_links":{"self":[{"href":"https:\/\/www.calzadofish.com\/tienda\/wp-json\/wp\/v2\/pages\/51","targetHints":{"allow":["GET"]}}],"collection":[{"href":"https:\/\/www.calzadofish.com\/tienda\/wp-json\/wp\/v2\/pages"}],"about":[{"href":"https:\/\/www.calzadofish.com\/tienda\/wp-json\/wp\/v2\/types\/page"}],"author":[{"embeddable":true,"href":"https:\/\/www.calzadofish.com\/tienda\/wp-json\/wp\/v2\/users\/1"}],"replies":[{"embeddable":true,"href":"https:\/\/www.calzadofish.com\/tienda\/wp-json\/wp\/v2\/comments?post=51"}],"version-history":[{"count":74,"href":"https:\/\/www.calzadofish.com\/tienda\/wp-json\/wp\/v2\/pages\/51\/revisions"}],"predecessor-version":[{"id":1117,"href":"https:\/\/www.calzadofish.com\/tienda\/wp-json\/wp\/v2\/pages\/51\/revisions\/1117"}],"wp:attachment":[{"href":"https:\/\/www.calzadofish.com\/tienda\/wp-json\/wp\/v2\/media?parent=51"}],"curies":[{"name":"wp","href":"https:\/\/api.w.org\/{rel}","templated":true}]}}