{"id":818,"date":"2016-11-16T20:45:56","date_gmt":"2016-11-16T20:45:56","guid":{"rendered":"https:\/\/www.calzadofish.com\/tienda\/?page_id=818"},"modified":"2016-11-16T20:58:29","modified_gmt":"2016-11-16T20:58:29","slug":"aviso-de-privacidad","status":"publish","type":"page","link":"https:\/\/www.calzadofish.com\/tienda\/aviso-de-privacidad\/","title":{"rendered":"Aviso de Privacidad"},"content":{"rendered":"<p>[et_pb_section admin_label=\u00bbsection\u00bb][et_pb_row admin_label=\u00bbrow\u00bb][et_pb_column type=\u00bb1_3&#8243;][et_pb_text admin_label=\u00bbTexto\u00bb background_layout=\u00bblight\u00bb text_orientation=\u00bbleft\u00bb use_border_color=\u00bboff\u00bb border_color=\u00bb#ffffff\u00bb border_style=\u00bbsolid\u00bb text_font=\u00bbLato|on|||\u00bb text_font_size=\u00bb22&#8243; text_line_height=\u00bb1.8em\u00bb]<\/p>\n<p><strong>AVISO DE PRIVACIDAD Y USO DE DATOS PERSONALES<\/strong><\/p>\n<p>[\/et_pb_text][et_pb_text admin_label=\u00bbTexto\u00bb background_layout=\u00bblight\u00bb text_orientation=\u00bbleft\u00bb use_border_color=\u00bboff\u00bb border_color=\u00bb#ffffff\u00bb border_style=\u00bbsolid\u00bb]<\/p>\n<p style=\"text-align: justify;\">En cumplimiento a la Ley Federal de Protecci\u00f3n de Datos Personales en Posesi\u00f3n de los Particulares vigente en los Estados Unidos Mexicanos (La Ley), le informamos los t\u00e9rminos y condiciones del Aviso de Privacidad de Datos Personales (Aviso de Privacidad) de <strong>\u201cDise\u00f1o en Calzado de Le\u00f3n S.A. de C.V.\u00bb<\/strong> (La Empresa), con domicilio en Av. Capilla No. 205 colonia Brisas del Campo II en la ciudad de Le\u00f3n, Gto., M\u00e9xico.<\/p>\n<p>[\/et_pb_text][et_pb_text admin_label=\u00bbTexto\u00bb background_layout=\u00bblight\u00bb text_orientation=\u00bbjustified\u00bb use_border_color=\u00bboff\u00bb border_color=\u00bb#ffffff\u00bb border_style=\u00bbsolid\u00bb]<\/p>\n<p style=\"text-align: justify;\"><strong>1.- INFORMACI\u00d3N QUE SE RECOPILA:<\/strong><\/p>\n<p style=\"text-align: justify;\">Los datos personales que Usted libre y voluntariamente proporcione a La Empresa a trav\u00e9s de esta p\u00e1gina de internet (Portal) y\/o de otros medios; podr\u00e1n incluir de manera enunciativa m\u00e1s no limitativa su nombre, domicilio, direcci\u00f3n de correo electr\u00f3nico (e-mail), n\u00famero (s) telef\u00f3nico (s), fecha de nacimiento, nacionalidad, clave del Registro Federal de Contribuyentes y datos generales de tributaci\u00f3n; y para los procesos de reclutamiento, La Empresa podr\u00e1 incluir tambi\u00e9n, intereses personales, formaci\u00f3n profesional y\/o acad\u00e9mica, experiencia laboral, informaci\u00f3n sobre sus dependientes econ\u00f3micos, referencias personales para fines de consulta por parte de La Empresa, e inclusive datos personales sensibles, en cuyos casos se obtendr\u00e1 su consentimiento expreso y por escrito.<\/p>\n<p style=\"text-align: justify;\"><strong>2.- DESTINO DE LA INFORMACI\u00d3N:<\/strong><\/p>\n<p style=\"text-align: justify;\">Los datos personales que La Empresa recopila, se destinan exclusivamente en los siguientes prop\u00f3sitos: 1) fines de identificaci\u00f3n; 2) fines estad\u00edsticos y de an\u00e1lisis internos; 3) fines de informaci\u00f3n; 4) informaci\u00f3n a clientes y consumidores; 5) reclutamiento y selecci\u00f3n de personal; 6) para contactarlo por tel\u00e9fono y\/o correo electr\u00f3nico para los fines anteriormente descritos; 7) fines de facturaci\u00f3n. En la recolecci\u00f3n y tratamiento de datos personales que Usted proporcione, se realiza observando y cumpliendo todos y cada uno de los principios de licitud, calidad, consentimiento, informaci\u00f3n, finalidad, lealtad, proporcionalidad y responsabilidad, se\u00f1alados en el art\u00edculo 6\u00b0 de La Ley.<\/p>\n<p>&nbsp;<\/p>\n<p>[\/et_pb_text][\/et_pb_column][et_pb_column type=\u00bb1_3&#8243;][et_pb_text admin_label=\u00bbTexto\u00bb background_layout=\u00bblight\u00bb text_orientation=\u00bbjustified\u00bb use_border_color=\u00bboff\u00bb border_color=\u00bb#ffffff\u00bb border_style=\u00bbsolid\u00bb]<\/p>\n<p style=\"text-align: justify;\"><strong>3.- TRANSFERENCIA DE LA INFORMACI\u00d3N:<\/strong><\/p>\n<p style=\"text-align: justify;\">La Empresa podr\u00e1 contratar a terceros como proveedores de servicios seleccionados, para manejar y administrar desde este Portal, hasta los datos personales que se recaban a trav\u00e9s de \u00e9ste o cualquier otro medio; raz\u00f3n por la cual La Empresa podr\u00e1 transferir los datos a terceros sin fines comerciales. La Empresa bajo ninguna circunstancia transferir\u00e1 a terceros los datos que Usted proporcione bajo t\u00edtulo oneroso sin tener previo consentimiento de su parte. Los datos personales que Usted proporcione a La Empresa podr\u00e1n compilarse y fijarse en una base de datos de exclusiva propiedad de La Empresa. Las ligas u otros sitios externos que pudiera tener este Portal, no son responsabilidad de La Empresa en cuanto al contenido y pol\u00edticas de privacidad de los mismos, raz\u00f3n por la cual el usuario quedar\u00e1 sujeto a las pol\u00edticas de privacidad de aquellos otros portales, sin responsabilidad alguna para La Empresa.<\/p>\n<p style=\"text-align: justify;\"><strong>4.- MEDIDAS DE SEGURIDAD Y PROTECCI\u00d3N DE LA INFORMACI\u00d3N:<\/strong><\/p>\n<p style=\"text-align: justify;\">La Empresa en todo momento implementar\u00e1 las medidas de seguridad administrativas, t\u00e9cnicas y f\u00edsicas para proteger sus datos personales, las cuales exigimos que sean cumplidas por los proveedores de servicios contratados por La Empresa. En trat\u00e1ndose de datos personales cuyos titulares sean menores de edad, incapaces y\/o interdictos conforme a las leyes aplicables, La Empresa pondr\u00e1 especial cuidado en cuanto a la protecci\u00f3n y medidas de seguridad, a efecto de cumplir los dispositivos de La Ley y de otras leyes aplicables.<\/p>\n<p style=\"text-align: justify;\"><strong>5.- RESPONSABLE DEL MANEJO Y ADMINISTRACI\u00d3N DE LA INFORMACI\u00d3N:<\/strong><\/p>\n<p style=\"text-align: justify;\">El \u00e1rea responsable del manejo y administraci\u00f3n de los datos personales de este Portal y de los recopilados por La Empresa mediante otros medios, es el \u00e1rea de Direcci\u00f3n y a quien podr\u00e1 contactar mediante la direcci\u00f3n de correo: info@calzadofish.com.<\/p>\n<p>[\/et_pb_text][\/et_pb_column][et_pb_column type=\u00bb1_3&#8243;][et_pb_text admin_label=\u00bbTexto\u00bb background_layout=\u00bblight\u00bb text_orientation=\u00bbjustified\u00bb use_border_color=\u00bboff\u00bb border_color=\u00bb#ffffff\u00bb border_style=\u00bbsolid\u00bb]<\/p>\n<p style=\"text-align: justify;\"><strong>6.- DERECHOS ARCO:<\/strong><\/p>\n<p style=\"text-align: justify;\">Los titulares de datos personales podr\u00e1n ejercitar los derechos ARCO (acceso, cancelaci\u00f3n, rectificaci\u00f3n y oposici\u00f3n al tratamiento de sus datos personales) enviando y\/o entregando directamente su solicitud al \u00e1rea de Recursos Humanos; debiendo dicha solicitud contener al menos: 1) nombre y domicilio a efecto de contactarle; 2) documentos que acrediten su identidad, o en su caso, la representaci\u00f3n legal aplicable; 3) descripci\u00f3n clara y precisa de los datos personales respecto de los cuales desea ejercer alguno (s) derecho (s) ARCO; y 4) cualquier otro elemento que facilite la localizaci\u00f3n de los datos personales.<\/p>\n<p style=\"text-align: justify;\">En t\u00e9rminos de La Ley a partir del d\u00eda 06 de enero de 2012, Usted podr\u00e1 presentar a La Empresa solicitud para ejercer sus derechos ARCO, y dentro de los 15 d\u00edas siguientes a la fecha en que La Empresa responda a su solicitud, o transcurrido el t\u00e9rmino de Ley sin haber dado respuesta a su solicitud, podr\u00e1 iniciar el proceso de protecci\u00f3n de derechos ARCO ante el Instituto Federal de Acceso a la Informaci\u00f3n y Protecci\u00f3n de Datos Personales (IFAI).<\/p>\n<p style=\"text-align: justify;\"><strong>7.- MODIFICACIONES AL AVISO DE PRIVACIDAD:<\/strong><\/p>\n<p style=\"text-align: justify;\">La Empresa en todo momento se reserva el derecho de modificar total o parcialmente el contenido de este Aviso de Privacidad. En tal supuesto, La Empresa comunicar\u00e1 a los usuarios publicando una nota visible en este Portal.<\/p>\n<p style=\"text-align: justify;\"><strong>8.- LEGISLACI\u00d3N:<\/strong><\/p>\n<p style=\"text-align: justify;\">El presente Aviso de Privacidad re\u00fane los requerimientos se\u00f1alados en los art\u00edculos 15, 16 y dem\u00e1s relativos y aplicables de La Ley. Las leyes y regulaciones de otros pa\u00edses podr\u00e1n imponer diferentes requerimientos para la protecci\u00f3n de la informaci\u00f3n en general y de los datos personales que se recopilen por medios electr\u00f3nicos. En virtud de que La Empresa se encuentra establecida en los Estados Unidos Mexicanos, todos los asuntos tanto por este Portal como de los datos personales recopilados por La Empresa, ser\u00e1n regidos por las leyes vigentes en este pa\u00eds. Toda la informaci\u00f3n que Usted nos provea, ser\u00e1 transferida en los Estados Unidos Mexicanos, por lo que al ingresar su informaci\u00f3n, Usted autoriza que quede transferida y expresamente acepta el presente Aviso de Privacidad.<\/p>\n<p>[\/et_pb_text][\/et_pb_column][\/et_pb_row][\/et_pb_section]<\/p>\n","protected":false},"excerpt":{"rendered":"<p>[et_pb_section admin_label=\u00bbsection\u00bb][et_pb_row admin_label=\u00bbrow\u00bb][et_pb_column type=\u00bb1_3&#8243;][et_pb_text admin_label=\u00bbTexto\u00bb background_layout=\u00bblight\u00bb text_orientation=\u00bbleft\u00bb use_border_color=\u00bboff\u00bb border_color=\u00bb#ffffff\u00bb border_style=\u00bbsolid\u00bb text_font=\u00bbLato|on|||\u00bb text_font_size=\u00bb22&#8243; text_line_height=\u00bb1.8em\u00bb] AVISO DE PRIVACIDAD Y USO DE DATOS PERSONALES [\/et_pb_text][et_pb_text admin_label=\u00bbTexto\u00bb background_layout=\u00bblight\u00bb text_orientation=\u00bbleft\u00bb use_border_color=\u00bboff\u00bb border_color=\u00bb#ffffff\u00bb border_style=\u00bbsolid\u00bb] En cumplimiento a la Ley Federal de Protecci\u00f3n de Datos Personales en Posesi\u00f3n de los Particulares vigente en los Estados Unidos Mexicanos (La Ley), le informamos los [&hellip;]<\/p>\n","protected":false},"author":1,"featured_media":0,"parent":0,"menu_order":0,"comment_status":"closed","ping_status":"closed","template":"","meta":{"footnotes":""},"class_list":["post-818","page","type-page","status-publish","hentry"],"_links":{"self":[{"href":"https:\/\/www.calzadofish.com\/tienda\/wp-json\/wp\/v2\/pages\/818","targetHints":{"allow":["GET"]}}],"collection":[{"href":"https:\/\/www.calzadofish.com\/tienda\/wp-json\/wp\/v2\/pages"}],"about":[{"href":"https:\/\/www.calzadofish.com\/tienda\/wp-json\/wp\/v2\/types\/page"}],"author":[{"embeddable":true,"href":"https:\/\/www.calzadofish.com\/tienda\/wp-json\/wp\/v2\/users\/1"}],"replies":[{"embeddable":true,"href":"https:\/\/www.calzadofish.com\/tienda\/wp-json\/wp\/v2\/comments?post=818"}],"version-history":[{"count":7,"href":"https:\/\/www.calzadofish.com\/tienda\/wp-json\/wp\/v2\/pages\/818\/revisions"}],"predecessor-version":[{"id":825,"href":"https:\/\/www.calzadofish.com\/tienda\/wp-json\/wp\/v2\/pages\/818\/revisions\/825"}],"wp:attachment":[{"href":"https:\/\/www.calzadofish.com\/tienda\/wp-json\/wp\/v2\/media?parent=818"}],"curies":[{"name":"wp","href":"https:\/\/api.w.org\/{rel}","templated":true}]}}